{"id":15915,"date":"2025-03-17T06:32:32","date_gmt":"2025-03-17T06:32:32","guid":{"rendered":"https:\/\/oarso.net\/inicio\/"},"modified":"2025-04-01T09:46:38","modified_gmt":"2025-04-01T09:46:38","slug":"inicio","status":"publish","type":"page","link":"https:\/\/oarso.net\/es\/","title":{"rendered":"Inicio"},"content":{"rendered":"<p>[et_pb_section fb_built=\u00bb1&#8243; fullwidth=\u00bbon\u00bb admin_label=\u00bbHero\u00bb module_class=\u00bbseccion-completa\u00bb _builder_version=\u00bb4.5.6&#8243; background_color=\u00bb#233b4e\u00bb parallax=\u00bbon\u00bb custom_padding=\u00bb0px|0px|0px|0px\u00bb][et_pb_fullwidth_slider module_class=\u00bbseccion-completa\u00bb _builder_version=\u00bb4.5.6&#8243; _module_preset=\u00bbdefault\u00bb hover_enabled=\u00bb0&#8243; auto=\u00bbon\u00bb auto_speed=\u00bb5000&#8243; auto_ignore_hover=\u00bbon\u00bb][et_pb_slide heading=\u00bbRegi\u00f3n de Oarsoaldea\u00bb _builder_version=\u00bb4.5.6&#8243; _module_preset=\u00bbdefault\u00bb header_font=\u00bbOswald|700|||||||\u00bb header_text_align=\u00bbcenter\u00bb header_text_color=\u00bb#ffffff\u00bb header_font_size=\u00bb60px\u00bb body_font=\u00bbRoboto||||||||\u00bb body_font_size=\u00bb18px\u00bb body_line_height=\u00bb1.9em\u00bb background_enable_color=\u00bboff\u00bb background_image=\u00bbhttps:\/\/oarso.net\/wp-content\/uploads\/2018\/01\/slide-8.jpg\u00bb background_enable_image=\u00bbon\u00bb custom_css_main_element=\u00bbheight:100vh;\u00bb header_text_shadow_style=\u00bbpreset1&#8243; custom_css_main_element_last_edited=\u00bboff|desktop\u00bb]<img loading=\"lazy\" decoding=\"async\" src=\"https:\/\/oarso.net\/wp-content\/uploads\/2018\/04\/spiral-300x56.png\" width=\"600\" height=\"112\" alt=\"\" class=\"wp-image-15749 alignnone size-medium\" srcset=\"https:\/\/oarso.net\/wp-content\/uploads\/2018\/04\/spiral-300x56.png 300w, https:\/\/oarso.net\/wp-content\/uploads\/2018\/04\/spiral-768x144.png 768w, https:\/\/oarso.net\/wp-content\/uploads\/2018\/04\/spiral-700x131.png 700w, https:\/\/oarso.net\/wp-content\/uploads\/2018\/04\/spiral.png 985w\" sizes=\"(max-width: 600px) 100vw, 600px\" \/><\/p>\n<p>El r\u00edo Oiartzun tiene 14 kil\u00f3metros de longitud, atraviesa los Valles de Pe\u00f1as de Aya, cruza el Valle de Oarsoaldea y atraviesa o desv\u00eda los municipios de Oiartzun, Errenteria, Lezo y Pasaia (Gipuzkoa), que se encuentran en la comarca de Oarsoaldea.[\/et_pb_slide][et_pb_slide heading=\u00bbRegi\u00f3n de Oarsoaldea\u00bb _builder_version=\u00bb4.5.6&#8243; _module_preset=\u00bbdefault\u00bb header_font=\u00bbOswald|700|||||||\u00bb header_text_align=\u00bbcenter\u00bb header_text_color=\u00bb#ffffff\u00bb header_font_size=\u00bb60px\u00bb body_font=\u00bbRoboto||||||||\u00bb body_font_size=\u00bb18px\u00bb body_line_height=\u00bb1.9em\u00bb background_enable_color=\u00bboff\u00bb background_image=\u00bbhttps:\/\/oarso.net\/wp-content\/uploads\/2018\/02\/slide-9.jpg\u00bb background_enable_image=\u00bbon\u00bb custom_css_main_element=\u00bbheight:100vh;\u00bb header_text_shadow_style=\u00bbpreset1&#8243; custom_css_main_element_last_edited=\u00bboff|desktop\u00bb]<img loading=\"lazy\" decoding=\"async\" src=\"https:\/\/oarso.net\/wp-content\/uploads\/2018\/04\/spiral-300x56.png\" width=\"600\" height=\"112\" alt=\"\" class=\"wp-image-15749 alignnone size-medium\" srcset=\"https:\/\/oarso.net\/wp-content\/uploads\/2018\/04\/spiral-300x56.png 300w, https:\/\/oarso.net\/wp-content\/uploads\/2018\/04\/spiral-768x144.png 768w, https:\/\/oarso.net\/wp-content\/uploads\/2018\/04\/spiral-700x131.png 700w, https:\/\/oarso.net\/wp-content\/uploads\/2018\/04\/spiral.png 985w\" sizes=\"(max-width: 600px) 100vw, 600px\" \/><\/p>\n<p>El r\u00edo Oiartzun tiene 14 kil\u00f3metros de longitud, atraviesa los Valles de Pe\u00f1as de Aya, cruza el Valle de Oarsoaldea y atraviesa o desv\u00eda los municipios de Oiartzun, Errenteria, Lezo y Pasaia (Gipuzkoa), que se encuentran en la comarca de Oarsoaldea.[\/et_pb_slide][et_pb_slide heading=\u00bbRegi\u00f3n de Oarsoaldea\u00bb _builder_version=\u00bb4.5.6&#8243; _module_preset=\u00bbdefault\u00bb header_font=\u00bbOswald|700|||||||\u00bb header_text_align=\u00bbcenter\u00bb header_text_color=\u00bb#ffffff\u00bb header_font_size=\u00bb60px\u00bb body_font=\u00bbRoboto||||||||\u00bb body_font_size=\u00bb18px\u00bb body_line_height=\u00bb1.9em\u00bb background_enable_color=\u00bboff\u00bb background_image=\u00bbhttps:\/\/oarso.net\/wp-content\/uploads\/2018\/01\/slide-6.jpg\u00bb background_enable_image=\u00bbon\u00bb custom_css_main_element=\u00bbheight:100vh;\u00bb header_text_shadow_style=\u00bbpreset1&#8243; custom_css_main_element_last_edited=\u00bboff|desktop\u00bb]<img loading=\"lazy\" decoding=\"async\" src=\"https:\/\/oarso.net\/wp-content\/uploads\/2018\/04\/spiral-300x56.png\" width=\"600\" height=\"112\" alt=\"\" class=\"wp-image-15749 alignnone size-medium\" srcset=\"https:\/\/oarso.net\/wp-content\/uploads\/2018\/04\/spiral-300x56.png 300w, https:\/\/oarso.net\/wp-content\/uploads\/2018\/04\/spiral-768x144.png 768w, https:\/\/oarso.net\/wp-content\/uploads\/2018\/04\/spiral-700x131.png 700w, https:\/\/oarso.net\/wp-content\/uploads\/2018\/04\/spiral.png 985w\" sizes=\"(max-width: 600px) 100vw, 600px\" \/><\/p>\n<p>El r\u00edo Oiartzun tiene 14 kil\u00f3metros de longitud, atraviesa los Valles de Pe\u00f1as de Aya, cruza el Valle de Oarsoaldea y atraviesa o desv\u00eda los municipios de Oiartzun, Errenteria, Lezo y Pasaia (Gipuzkoa), que se encuentran en la comarca de Oarsoaldea.[\/et_pb_slide][et_pb_slide heading=\u00bbRegi\u00f3n de Oarsoaldea\u00bb _builder_version=\u00bb4.5.6&#8243; _module_preset=\u00bbdefault\u00bb header_font=\u00bbOswald|700|||||||\u00bb header_text_align=\u00bbcenter\u00bb header_text_color=\u00bb#ffffff\u00bb header_font_size=\u00bb60px\u00bb body_font=\u00bbRoboto||||||||\u00bb body_font_size=\u00bb18px\u00bb body_line_height=\u00bb1.9em\u00bb background_enable_color=\u00bboff\u00bb background_image=\u00bbhttps:\/\/oarso.net\/wp-content\/uploads\/2018\/01\/slide-7.jpg\u00bb background_enable_image=\u00bbon\u00bb custom_css_main_element=\u00bbheight:100vh;\u00bb header_text_shadow_style=\u00bbpreset1&#8243; custom_css_main_element_last_edited=\u00bboff|desktop\u00bb]<img loading=\"lazy\" decoding=\"async\" src=\"https:\/\/oarso.net\/wp-content\/uploads\/2018\/04\/spiral-300x56.png\" width=\"600\" height=\"112\" alt=\"\" class=\"wp-image-15749 alignnone size-medium\" srcset=\"https:\/\/oarso.net\/wp-content\/uploads\/2018\/04\/spiral-300x56.png 300w, https:\/\/oarso.net\/wp-content\/uploads\/2018\/04\/spiral-768x144.png 768w, https:\/\/oarso.net\/wp-content\/uploads\/2018\/04\/spiral-700x131.png 700w, https:\/\/oarso.net\/wp-content\/uploads\/2018\/04\/spiral.png 985w\" sizes=\"(max-width: 600px) 100vw, 600px\" \/><\/p>\n<p>El r\u00edo Oiartzun tiene 14 kil\u00f3metros de longitud, atraviesa los Valles de Pe\u00f1as de Aya, cruza el Valle de Oarsoaldea y atraviesa o desv\u00eda los municipios de Oiartzun, Errenteria, Lezo y Pasaia (Gipuzkoa), que se encuentran en la comarca de Oarsoaldea.[\/et_pb_slide][\/et_pb_fullwidth_slider][\/et_pb_section][et_pb_section fb_built=\u00bb1&#8243; admin_label=\u00bbGallery\u00bb module_id=\u00bbgaler\u00eda\u00bb _builder_version=\u00bb4.5.6&#8243; custom_padding=\u00bb0px||0px|\u00bb][et_pb_row column_structure=\u00bb1_4,1_4,1_4,1_4&#8243; use_custom_gutter=\u00bbon\u00bb gutter_width=\u00bb1&#8243; make_equal=\u00bbon\u00bb module_class=\u00bb et_pb_row_fullwidth\u00bb _builder_version=\u00bb3.25&#8243; width=\u00bb100%\u00bb width_tablet=\u00bb100%\u00bb width_phone=\u00bb\u00bb width_last_edited=\u00bbon|desktop\u00bb max_width=\u00bb100%\u00bb max_width_tablet=\u00bb100%\u00bb max_width_phone=\u00bb\u00bb max_width_last_edited=\u00bbon|desktop\u00bb custom_padding=\u00bb0px|0px|0px|0px\u00bb make_fullwidth=\u00bbon\u00bb][et_pb_column type=\u00bb1_4&#8243; _builder_version=\u00bb3.25&#8243; custom_padding=\u00bb|||\u00bb custom_padding__hover=\u00bb|||\u00bb][et_pb_image src=\u00bbhttps:\/\/oarso.net\/wp-content\/uploads\/2018\/02\/slide-11.jpg\u00bb alt=\u00bbCastillo de Beloaga\u00bb title_text=\u00bbCastillo de Beloaga\u00bb show_in_lightbox=\u00bbon\u00bb force_fullwidth=\u00bbon\u00bb align_tablet=\u00bbcenter\u00bb align_phone=\u00bb\u00bb align_last_edited=\u00bbon|desktop\u00bb _builder_version=\u00bb4.5.6&#8243; animation_style=\u00bbzoom\u00bb animation_direction=\u00bbleft\u00bb animation_duration=\u00bb500ms\u00bb animation_intensity_zoom=\u00bb10%\u00bb][\/et_pb_image][\/et_pb_column][et_pb_column type=\u00bb1_4&#8243; _builder_version=\u00bb3.25&#8243; custom_padding=\u00bb|||\u00bb custom_padding__hover=\u00bb|||\u00bb][et_pb_image src=\u00bbhttps:\/\/oarso.net\/wp-content\/uploads\/2018\/01\/slide-4.jpg\u00bb alt=\u00bbSan Juan de Saint Denis\u00bb title_text=\u00bbdiapositiva 4&#8243; show_in_lightbox=\u00bbon\u00bb force_fullwidth=\u00bbon\u00bb align_tablet=\u00bbcenter\u00bb align_phone=\u00bb\u00bb align_last_edited=\u00bbon|desktop\u00bb _builder_version=\u00bb4.5.6&#8243; animation_style=\u00bbzoom\u00bb animation_direction=\u00bbleft\u00bb animation_duration=\u00bb500ms\u00bb animation_delay=\u00bb100ms\u00bb animation_intensity_zoom=\u00bb10%\u00bb locked=\u00bboff\u00bb][\/et_pb_image][\/et_pb_column][et_pb_column type=\u00bb1_4&#8243; _builder_version=\u00bb3.25&#8243; custom_padding=\u00bb|||\u00bb custom_padding__hover=\u00bb|||\u00bb][et_pb_image src=\u00bbhttps:\/\/oarso.net\/wp-content\/uploads\/2018\/01\/slide-7.jpg\u00bb alt=\u00bbJaizkibel, Lezo\u00bb title_text=\u00bbJaizkibel, Lezo\u00bb show_in_lightbox=\u00bbon\u00bb force_fullwidth=\u00bbon\u00bb align_tablet=\u00bbcenter\u00bb align_phone=\u00bb\u00bb align_last_edited=\u00bbon|desktop\u00bb _builder_version=\u00bb4.5.6&#8243; animation_style=\u00bbzoom\u00bb animation_direction=\u00bbleft\u00bb animation_duration=\u00bb500ms\u00bb animation_delay=\u00bb200ms\u00bb animation_intensity_zoom=\u00bb10%\u00bb locked=\u00bboff\u00bb][\/et_pb_image][\/et_pb_column][et_pb_column type=\u00bb1_4&#8243; _builder_version=\u00bb3.25&#8243; custom_padding=\u00bb|||\u00bb custom_padding__hover=\u00bb|||\u00bb][et_pb_image src=\u00bbhttps:\/\/oarso.net\/wp-content\/uploads\/2018\/02\/slide-9.jpg\u00bb alt=\u00bbOialeku, Oiartzun\u00bb title_text=\u00bbOialeku, Oiartzun\u00bb show_in_lightbox=\u00bbon\u00bb force_fullwidth=\u00bbon\u00bb align_tablet=\u00bbcenter\u00bb align_phone=\u00bb\u00bb align_last_edited=\u00bbon|desktop\u00bb _builder_version=\u00bb4.5.6&#8243; animation_style=\u00bbzoom\u00bb animation_duration=\u00bb500ms\u00bb animation_delay=\u00bb300ms\u00bb animation_intensity_zoom=\u00bb10%\u00bb locked=\u00bboff\u00bb][\/et_pb_image][\/et_pb_column][\/et_pb_row][\/et_pb_section][et_pb_section fb_built=\u00bb1&#8243; _builder_version=\u00bb3.22&#8243; custom_padding=\u00bb110px||110px|\u00bb][et_pb_row column_structure=\u00bb1_2,1_2&#8243; _builder_version=\u00bb3.25&#8243;][et_pb_column type=\u00bb1_2&#8243; _builder_version=\u00bb3.25&#8243; custom_padding=\u00bb|||\u00bb custom_padding__hover=\u00bb|||\u00bb][et_pb_text admin_label=\u00bbDiscover Beatuty Title\u00bb _builder_version=\u00bb4.5.6&#8243; text_font=\u00bb||||\u00bb text_text_color=\u00bb#1a1a1a\u00bb header_font=\u00bbOswald|on||on|\u00bb header_text_align=\u00bbleft\u00bb header_font_size=\u00bb60px\u00bb header_line_height=\u00bb1.3em\u00bb animation_style=\u00bbslide\u00bb animation_direction=\u00bb%22fade_in%22&#8243; animation_duration=\u00bb500ms\u00bb animation_intensity_slide=\u00bb10%\u00bb]<\/p>\n<h1>Descubre la belleza ilimitada<\/h1>\n<p>[\/et_pb_text][et_pb_text admin_label=\u00bbDiscover Beatuty Sub Title\u00bb _builder_version=\u00bb4.5.6&#8243; text_font=\u00bbRoboto||||\u00bb text_text_color=\u00bb#1a1a1a\u00bb text_font_size=\u00bb24px\u00bb text_line_height=\u00bb1.4em\u00bb animation_style=\u00bbslide\u00bb animation_direction=\u00bbtop\u00bb animation_delay=\u00bb100ms\u00bb animation_intensity_slide=\u00bb10%\u00bb]Peque\u00f1os y acogedores pueblos como Errenteria, Lezo, Oiartzun o Pasaia conservan su historia y arquitectura tradicional.[\/et_pb_text][et_pb_divider color=\u00bb#ed4441&#8243; divider_position=\u00bbcenter\u00bb divider_weight=\u00bb3px\u00bb disabled_on=\u00bboff|off|off\u00bb _builder_version=\u00bb3.2&#8243; max_width=\u00bb150px\u00bb height=\u00bbfalse\u00bb animation_style=\u00bbslide\u00bb animation_direction=\u00bbtop\u00bb animation_delay=\u00bb200ms\u00bb animation_intensity_slide=\u00bb10%\u00bb][\/et_pb_divider][et_pb_text disabled_on=\u00bbon|on|off%22%22&#8243; admin_label=\u00bbDiscover Beatuty Text\u00bb _builder_version=\u00bb4.5.6&#8243; text_font=\u00bbRoboto||||\u00bb text_font_size=\u00bb16px\u00bb text_line_height=\u00bb1.9em\u00bb custom_padding=\u00bb30px|||\u00bb animation_style=\u00bbslide\u00bb animation_direction=\u00bbtop\u00bb animation_delay=\u00bb300ms\u00bb animation_intensity_slide=\u00bb10%\u00bb]<\/p>\n<p>Oarsoaldea, una encantadora regi\u00f3n costera del Pa\u00eds Vasco, es una regi\u00f3n llena de naturaleza y cultura. En este lugar donde las monta\u00f1as se encuentran con el mar, los paisajes son agrestes y a la vez tranquilos, llenos de color y vida.<\/p>\n<p>[\/et_pb_text][\/et_pb_column][et_pb_column type=\u00bb1_2&#8243; _builder_version=\u00bb3.25&#8243; custom_padding=\u00bb|||\u00bb custom_padding__hover=\u00bb|||\u00bb][et_pb_image src=\u00bbhttps:\/\/oarso.net\/wp-content\/uploads\/2025\/03\/unai-leku.jpg\u00bb alt=\u00bbBorda de Unai Leku\u00bb title_text=\u00bbBorda de Unai Leku\u00bb force_fullwidth=\u00bbon\u00bb align_tablet=\u00bbcenter\u00bb align_phone=\u00bb\u00bb align_last_edited=\u00bbon|desktop\u00bb _builder_version=\u00bb4.5.6&#8243; custom_margin=\u00bb90px|||\u00bb animation_style=\u00bbfold\u00bb animation_direction=\u00bbright\u00bb animation_intensity_fold=\u00bb20%\u00bb animation=\u00bbfade_in\u00bb][\/et_pb_image][\/et_pb_column][\/et_pb_row][\/et_pb_section][et_pb_section fb_built=\u00bb1&#8243; admin_label=\u00bbCTA\u00bb _builder_version=\u00bb4.5.6&#8243; background_image=\u00bbhttps:\/\/oarso.net\/wp-content\/uploads\/2025\/03\/travel-landscape-13.png\u00bb parallax=\u00bbon\u00bb custom_margin=\u00bb|||\u00bb custom_padding=\u00bb0px|||\u00bb][et_pb_row use_custom_gutter=\u00bbon\u00bb gutter_width=\u00bb1&#8243; custom_padding_last_edited=\u00bbon|tablet\u00bb module_class=\u00bb et_pb_row_fullwidth\u00bb _builder_version=\u00bb3.25&#8243; use_background_color_gradient=\u00bbon\u00bb background_color_gradient_start=\u00bb#ffffff\u00bb background_color_gradient_end=\u00bbrgba(255,255,255,0)\u00bb background_color_gradient_end_position=\u00bb22%\u00bb background_size=\u00bbinitial\u00bb background_position=\u00bbtop_left\u00bb background_repeat=\u00bbrepeat\u00bb width=\u00bb100%\u00bb width_tablet=\u00bb100%\u00bb width_phone=\u00bb\u00bb width_last_edited=\u00bbon|desktop\u00bb max_width=\u00bb100%\u00bb max_width_tablet=\u00bb100%\u00bb max_width_phone=\u00bb\u00bb max_width_last_edited=\u00bbon|desktop\u00bb custom_padding=\u00bb220px|0px|220px|0px\u00bb custom_padding_tablet=\u00bb0px|||\u00bb custom_padding_phone=\u00bb\u00bb make_fullwidth=\u00bbon\u00bb][et_pb_column type=\u00bb4_4&#8243; _builder_version=\u00bb3.25&#8243; custom_padding=\u00bb|||\u00bb custom_padding__hover=\u00bb|||\u00bb][et_pb_text admin_label=\u00bbCTA Section Title\u00bb _builder_version=\u00bb4.5.6&#8243; text_font=\u00bb||||\u00bb text_line_height=\u00bb1em\u00bb header_font=\u00bbOswald|on||on|\u00bb header_text_align=\u00bbcenter\u00bb header_font_size=\u00bb60px\u00bb header_line_height=\u00bb1.3em\u00bb background_size=\u00bbinitial\u00bb background_position=\u00bbtop_left\u00bb background_repeat=\u00bbrepeat\u00bb module_alignment=\u00bbcenter\u00bb custom_margin=\u00bb||60px|\u00bb custom_padding=\u00bb|||\u00bb animation_style=\u00bbslide\u00bb animation_direction=\u00bbtop\u00bb animation_intensity_slide=\u00bb10%\u00bb locked=\u00bboff\u00bb]<\/p>\n<h1>Oarsoaldea es el reflejo de una forma de vida tranquila<\/h1>\n<p>[\/et_pb_text][et_pb_button button_text=\u00bbContacto\u00bb button_alignment=\u00bbcenter\u00bb _builder_version=\u00bb4.5.6&#8243; custom_button=\u00bbon\u00bb button_text_color=\u00bb#ffffff\u00bb button_bg_color=\u00bb#ed4441&#8243; button_border_color=\u00bb#ed4441&#8243; button_border_radius=\u00bb0px\u00bb button_letter_spacing=\u00bb4px\u00bb button_font=\u00bbOswald|on||on|\u00bb button_icon=\u00bb%%3%%\u00bb button_icon_color=\u00bb#1a1a1a\u00bb button_border_color_hover=\u00bb#1a1a1a\u00bb button_border_radius_hover=\u00bb0px\u00bb button_letter_spacing_hover=\u00bb4px\u00bb button_bg_color_hover=\u00bbrgba(0,0,0,0)\u00bb locked=\u00bboff\u00bb button_text_size__hover_enabled=\u00bboff\u00bb button_one_text_size__hover_enabled=\u00bboff\u00bb button_two_text_size__hover_enabled=\u00bboff\u00bb button_text_color__hover_enabled=\u00bboff\u00bb button_one_text_color__hover_enabled=\u00bboff\u00bb button_two_text_color__hover_enabled=\u00bboff\u00bb button_border_width__hover_enabled=\u00bboff\u00bb button_one_border_width__hover_enabled=\u00bboff\u00bb button_two_border_width__hover_enabled=\u00bboff\u00bb button_border_color__hover_enabled=\u00bbon\u00bb button_border_color__hover=\u00bb#1a1a1a\u00bb button_one_border_color__hover_enabled=\u00bboff\u00bb button_two_border_color__hover_enabled=\u00bboff\u00bb button_border_radius__hover_enabled=\u00bbon\u00bb button_border_radius__hover=\u00bb0px\u00bb button_one_border_radius__hover_enabled=\u00bboff\u00bb button_two_border_radius__hover_enabled=\u00bboff\u00bb button_letter_spacing__hover_enabled=\u00bbon\u00bb button_letter_spacing__hover=\u00bb4px\u00bb button_one_letter_spacing__hover_enabled=\u00bboff\u00bb button_two_letter_spacing__hover_enabled=\u00bboff\u00bb button_bg_color__hover_enabled=\u00bbon\u00bb button_bg_color__hover=\u00bbrgba(0,0,0,0)\u00bb button_one_bg_color__hover_enabled=\u00bboff\u00bb button_two_bg_color__hover_enabled=\u00bboff\u00bb][\/et_pb_button][et_pb_image src=\u00bbhttps:\/\/oarso.net\/wp-content\/uploads\/2025\/03\/couple2.png\u00bb show_bottom_space=\u00bboff\u00bb align=\u00bbcenter\u00bb align_tablet=\u00bbcenter\u00bb align_phone=\u00bb\u00bb align_last_edited=\u00bbon|desktop\u00bb _builder_version=\u00bb3.23&#8243; custom_margin=\u00bb100px|||\u00bb animation_direction=\u00bbleft\u00bb][\/et_pb_image][\/et_pb_column][\/et_pb_row][\/et_pb_section]<\/p>\n","protected":false},"excerpt":{"rendered":"<p>El r\u00edo Oiartzun tiene 14 kil\u00f3metros de longitud, atraviesa los Valles de Pe\u00f1as de Aya, cruza el Valle de Oarsoaldea y atraviesa o desv\u00eda los municipios de Oiartzun, Errenteria, Lezo y Pasaia (Gipuzkoa), que se encuentran en la comarca de Oarsoaldea. El r\u00edo Oiartzun tiene 14 kil\u00f3metros de longitud, atraviesa los Valles de Pe\u00f1as de [&hellip;]<\/p>\n","protected":false},"author":1,"featured_media":0,"parent":0,"menu_order":0,"comment_status":"closed","ping_status":"closed","template":"","meta":{"_et_pb_use_builder":"on","_et_pb_old_content":"","_et_gb_content_width":"","_monsterinsights_skip_tracking":false,"_monsterinsights_sitenote_active":false,"_monsterinsights_sitenote_note":"","_monsterinsights_sitenote_category":0,"footnotes":""},"class_list":["post-15915","page","type-page","status-publish","hentry"],"yoast_head":"<!-- This site is optimized with the Yoast SEO plugin v25.1 - https:\/\/yoast.com\/wordpress\/plugins\/seo\/ -->\n<title>Inicio - OARSO.NET<\/title>\n<meta name=\"robots\" content=\"index, follow, max-snippet:-1, max-image-preview:large, max-video-preview:-1\" \/>\n<link rel=\"canonical\" href=\"https:\/\/oarso.net\/es\/\" \/>\n<meta property=\"og:locale\" content=\"es_ES\" \/>\n<meta property=\"og:type\" content=\"article\" \/>\n<meta property=\"og:title\" content=\"Inicio - OARSO.NET\" \/>\n<meta property=\"og:description\" content=\"El r\u00edo Oiartzun tiene 14 kil\u00f3metros de longitud, atraviesa los Valles de Pe\u00f1as de Aya, cruza el Valle de Oarsoaldea y atraviesa o desv\u00eda los municipios de Oiartzun, Errenteria, Lezo y Pasaia (Gipuzkoa), que se encuentran en la comarca de Oarsoaldea. El r\u00edo Oiartzun tiene 14 kil\u00f3metros de longitud, atraviesa los Valles de Pe\u00f1as de [&hellip;]\" \/>\n<meta property=\"og:url\" content=\"https:\/\/oarso.net\/es\/\" \/>\n<meta property=\"og:site_name\" content=\"OARSO.NET\" \/>\n<meta property=\"article:modified_time\" content=\"2025-04-01T09:46:38+00:00\" \/>\n<meta property=\"og:image\" content=\"https:\/\/oarso.net\/wp-content\/uploads\/2018\/04\/spiral.png\" \/>\n\t<meta property=\"og:image:width\" content=\"985\" \/>\n\t<meta property=\"og:image:height\" content=\"185\" \/>\n\t<meta property=\"og:image:type\" content=\"image\/png\" \/>\n<meta name=\"twitter:card\" content=\"summary_large_image\" \/>\n<meta name=\"twitter:label1\" content=\"Tiempo de lectura\" \/>\n\t<meta name=\"twitter:data1\" content=\"9 minutos\" \/>\n<script type=\"application\/ld+json\" class=\"yoast-schema-graph\">{\"@context\":\"https:\/\/schema.org\",\"@graph\":[{\"@type\":\"WebPage\",\"@id\":\"https:\/\/oarso.net\/es\/\",\"url\":\"https:\/\/oarso.net\/es\/\",\"name\":\"Inicio - OARSO.NET\",\"isPartOf\":{\"@id\":\"https:\/\/oarso.net\/es\/#website\"},\"primaryImageOfPage\":{\"@id\":\"https:\/\/oarso.net\/es\/#primaryimage\"},\"image\":{\"@id\":\"https:\/\/oarso.net\/es\/#primaryimage\"},\"thumbnailUrl\":\"https:\/\/oarso.net\/wp-content\/uploads\/2018\/04\/spiral-300x56.png\",\"datePublished\":\"2025-03-17T06:32:32+00:00\",\"dateModified\":\"2025-04-01T09:46:38+00:00\",\"breadcrumb\":{\"@id\":\"https:\/\/oarso.net\/es\/#breadcrumb\"},\"inLanguage\":\"es\",\"potentialAction\":[{\"@type\":\"ReadAction\",\"target\":[\"https:\/\/oarso.net\/es\/\"]}]},{\"@type\":\"ImageObject\",\"inLanguage\":\"es\",\"@id\":\"https:\/\/oarso.net\/es\/#primaryimage\",\"url\":\"https:\/\/oarso.net\/wp-content\/uploads\/2018\/04\/spiral-300x56.png\",\"contentUrl\":\"https:\/\/oarso.net\/wp-content\/uploads\/2018\/04\/spiral-300x56.png\"},{\"@type\":\"BreadcrumbList\",\"@id\":\"https:\/\/oarso.net\/es\/#breadcrumb\",\"itemListElement\":[{\"@type\":\"ListItem\",\"position\":1,\"name\":\"Portada\",\"item\":\"https:\/\/oarso.net\/es\/inicio\/\"},{\"@type\":\"ListItem\",\"position\":2,\"name\":\"Inicio\"}]},{\"@type\":\"WebSite\",\"@id\":\"https:\/\/oarso.net\/es\/#website\",\"url\":\"https:\/\/oarso.net\/es\/\",\"name\":\"OARSO.NET\",\"description\":\"Oiartzun, Errenteria, Lezo eta Pasaia\",\"potentialAction\":[{\"@type\":\"SearchAction\",\"target\":{\"@type\":\"EntryPoint\",\"urlTemplate\":\"https:\/\/oarso.net\/es\/?s={search_term_string}\"},\"query-input\":{\"@type\":\"PropertyValueSpecification\",\"valueRequired\":true,\"valueName\":\"search_term_string\"}}],\"inLanguage\":\"es\"}]}<\/script>\n<!-- \/ Yoast SEO plugin. -->","yoast_head_json":{"title":"Inicio - OARSO.NET","robots":{"index":"index","follow":"follow","max-snippet":"max-snippet:-1","max-image-preview":"max-image-preview:large","max-video-preview":"max-video-preview:-1"},"canonical":"https:\/\/oarso.net\/es\/","og_locale":"es_ES","og_type":"article","og_title":"Inicio - OARSO.NET","og_description":"El r\u00edo Oiartzun tiene 14 kil\u00f3metros de longitud, atraviesa los Valles de Pe\u00f1as de Aya, cruza el Valle de Oarsoaldea y atraviesa o desv\u00eda los municipios de Oiartzun, Errenteria, Lezo y Pasaia (Gipuzkoa), que se encuentran en la comarca de Oarsoaldea. El r\u00edo Oiartzun tiene 14 kil\u00f3metros de longitud, atraviesa los Valles de Pe\u00f1as de [&hellip;]","og_url":"https:\/\/oarso.net\/es\/","og_site_name":"OARSO.NET","article_modified_time":"2025-04-01T09:46:38+00:00","og_image":[{"width":985,"height":185,"url":"https:\/\/oarso.net\/wp-content\/uploads\/2018\/04\/spiral.png","type":"image\/png"}],"twitter_card":"summary_large_image","twitter_misc":{"Tiempo de lectura":"9 minutos"},"schema":{"@context":"https:\/\/schema.org","@graph":[{"@type":"WebPage","@id":"https:\/\/oarso.net\/es\/","url":"https:\/\/oarso.net\/es\/","name":"Inicio - OARSO.NET","isPartOf":{"@id":"https:\/\/oarso.net\/es\/#website"},"primaryImageOfPage":{"@id":"https:\/\/oarso.net\/es\/#primaryimage"},"image":{"@id":"https:\/\/oarso.net\/es\/#primaryimage"},"thumbnailUrl":"https:\/\/oarso.net\/wp-content\/uploads\/2018\/04\/spiral-300x56.png","datePublished":"2025-03-17T06:32:32+00:00","dateModified":"2025-04-01T09:46:38+00:00","breadcrumb":{"@id":"https:\/\/oarso.net\/es\/#breadcrumb"},"inLanguage":"es","potentialAction":[{"@type":"ReadAction","target":["https:\/\/oarso.net\/es\/"]}]},{"@type":"ImageObject","inLanguage":"es","@id":"https:\/\/oarso.net\/es\/#primaryimage","url":"https:\/\/oarso.net\/wp-content\/uploads\/2018\/04\/spiral-300x56.png","contentUrl":"https:\/\/oarso.net\/wp-content\/uploads\/2018\/04\/spiral-300x56.png"},{"@type":"BreadcrumbList","@id":"https:\/\/oarso.net\/es\/#breadcrumb","itemListElement":[{"@type":"ListItem","position":1,"name":"Portada","item":"https:\/\/oarso.net\/es\/inicio\/"},{"@type":"ListItem","position":2,"name":"Inicio"}]},{"@type":"WebSite","@id":"https:\/\/oarso.net\/es\/#website","url":"https:\/\/oarso.net\/es\/","name":"OARSO.NET","description":"Oiartzun, Errenteria, Lezo eta Pasaia","potentialAction":[{"@type":"SearchAction","target":{"@type":"EntryPoint","urlTemplate":"https:\/\/oarso.net\/es\/?s={search_term_string}"},"query-input":{"@type":"PropertyValueSpecification","valueRequired":true,"valueName":"search_term_string"}}],"inLanguage":"es"}]}},"_links":{"self":[{"href":"https:\/\/oarso.net\/es\/wp-json\/wp\/v2\/pages\/15915","targetHints":{"allow":["GET"]}}],"collection":[{"href":"https:\/\/oarso.net\/es\/wp-json\/wp\/v2\/pages"}],"about":[{"href":"https:\/\/oarso.net\/es\/wp-json\/wp\/v2\/types\/page"}],"author":[{"embeddable":true,"href":"https:\/\/oarso.net\/es\/wp-json\/wp\/v2\/users\/1"}],"replies":[{"embeddable":true,"href":"https:\/\/oarso.net\/es\/wp-json\/wp\/v2\/comments?post=15915"}],"version-history":[{"count":2,"href":"https:\/\/oarso.net\/es\/wp-json\/wp\/v2\/pages\/15915\/revisions"}],"predecessor-version":[{"id":15917,"href":"https:\/\/oarso.net\/es\/wp-json\/wp\/v2\/pages\/15915\/revisions\/15917"}],"wp:attachment":[{"href":"https:\/\/oarso.net\/es\/wp-json\/wp\/v2\/media?parent=15915"}],"curies":[{"name":"wp","href":"https:\/\/api.w.org\/{rel}","templated":true}]}}